{"id":24717,"date":"2018-12-02T11:47:46","date_gmt":"2018-12-02T10:47:46","guid":{"rendered":"https:\/\/webrapida.net\/avis-legal\/"},"modified":"2023-03-17T11:21:49","modified_gmt":"2023-03-17T10:21:49","slug":"avis-legal","status":"publish","type":"page","link":"https:\/\/webrapida.net\/ca\/avis-legal\/","title":{"rendered":"Av\u00eds Legal"},"content":{"rendered":"\n[et_pb_section fb_built=&#8221;1&#8243; admin_label=&#8221;section&#8221; _builder_version=&#8221;3.22&#8243; da_is_popup=&#8221;off&#8221; da_exit_intent=&#8221;off&#8221; da_has_close=&#8221;on&#8221; da_alt_close=&#8221;off&#8221; da_dark_close=&#8221;off&#8221; da_not_modal=&#8221;on&#8221; da_is_singular=&#8221;off&#8221; da_with_loader=&#8221;off&#8221; da_has_shadow=&#8221;on&#8221; da_disable_devices=&#8221;off|off|off&#8221;][et_pb_row admin_label=&#8221;row&#8221; _builder_version=&#8221;3.25&#8243; background_size=&#8221;initial&#8221; background_position=&#8221;top_left&#8221; background_repeat=&#8221;repeat&#8221;][et_pb_column type=&#8221;4_4&#8243; _builder_version=&#8221;3.25&#8243; custom_padding=&#8221;|||&#8221; custom_padding__hover=&#8221;|||&#8221;][et_pb_text admin_label=&#8221;Text&#8221; _builder_version=&#8221;3.27.4&#8243; background_size=&#8221;initial&#8221; background_position=&#8221;top_left&#8221; background_repeat=&#8221;repeat&#8221;]\t\t\t\t\t<h1 class=\"entry-title main_title\">Identificaci\u00f3 i Titularitat<\/h1>\n<div class=\"entry-content\">\n\nEn compliment de larticle 10 de la Llei 34\/2002, de 11 de juliol, de Serveis de la Societat de la Informaci\u00f3 i Comer\u00e7 Electr\u00f2nic, a continuaci\u00f3 sexposen les dades identificatives del titular.\n<ul>\n \t<li><b>Titular:<\/b> Pascual Sanjuan Sainz<\/li>\n \t<li><b>NIF\/CIF:<\/b> 48289947K<\/li>\n \t<li><b>Domicili:<\/b> C\/ Colon, 24, Castell\u00f3 de Rugat, Val\u00e8ncia &#8211; Espanya.<\/li>\n \t<li><b>Correu electr\u00f2nic:<\/b> info@webrapida.net<\/li>\n<\/ul>\n<h2>Finalitat<\/h2>\nLa finalitat del lloc web <a href=\"https:\/\/webrapida.net\/ca\/\">https:\/\/webrapida.net<\/a> \u00e9s Disseny web, m\u00e0rqueting digital i allotjament.\n<h2>Condicions d&#8217;\u00fas<\/h2>\nLa utilitzaci\u00f3 d&#8217; <a href=\"https:\/\/webrapida.net\/ca\/\">https:\/\/webrapida.net<\/a> atorga la condici\u00f3 d&#8217;usuari de la p\u00e0gina web, i implica l&#8217;acceptaci\u00f3 completa de totes les cl\u00e0usules i condicions incloses a:\n<ul>\n \t<li><a href=\"https:\/\/webrapida.net\/ca\/avis-legal\/\" rel=\"nofollow\">Av\u00eds Legal<\/a><\/li>\n \t<li><a href=\"https:\/\/webrapida.net\/ca\/politica-de-privadesa\/\" rel=\"nofollow\">Pol\u00edtica de Privadesa<\/a><\/li>\n \t<li><a href=\"https:\/\/webrapida.net\/ca\/politica-de-cookies-2\/\" rel=\"nofollow\">Pol\u00edtica de Cookies<\/a><\/li>\n<\/ul>\nSi l&#8217;Usuari no est\u00e0 conforme amb aquestes cl\u00e0usules i condicions d&#8217;\u00fas d&#8217;aquest <a href=\"https:\/\/webrapida.net\/ca\/avis-legal\/\" rel=\"nofollow\">Av\u00eds Legal<\/a> , s&#8217;abstindr\u00e0 utilitzar el lloc https:\/\/webrapida.net.\n\nL&#8217;Usuari queda informat, i accepta, que l&#8217;acc\u00e9s a https:\/\/webrapida.net no suposa, de cap manera, l&#8217;inici d&#8217;una relaci\u00f3 comercial amb Pascual Sanjuan Sainz.\n\nA trav\u00e9s de https:\/\/webrapida.net Pascual Sanjuan Sainz facilita a l&#8217;Usuari l&#8217;acc\u00e9s i la utilitzaci\u00f3 de diversos continguts publicats per Internet.\n\nA aquest efecte, l&#8217;Usuari s&#8217;obliga i es compromet a NO utilitzar qualsevol dels continguts amb fins o efectes il\u00b7l\u00edcits, prohibits a l&#8217;Av\u00eds Legal o per la legislaci\u00f3 vigent, lesius dels drets i interessos de tercers, o que de qualsevol manera puguin danyar, inutilitzar, sobrecarregar, deteriorar o impedir la utilitzaci\u00f3 normal dels continguts, els equips inform\u00e0tics o els documents, arxius i tota mena de continguts emmagatzemats en qualsevol equip inform\u00e0tic propis o contractats per Pascual Sanjuan Sainz, d&#8217;altres usuaris o de qualsevol usuari de Internet.\n<h2>Majoria d&#8217;edat<\/h2>\nHas de tenir almenys 18 anys per utilitzar els nostres Serveis o la majoria d&#8217;edat que es requereixi al teu pa\u00eds per registrar-te o utilitzar-los. Si residiu en un pa\u00eds que no pertanyi a la Regi\u00f3 europea, heu de tenir almenys 13 anys d&#8217;edat per utilitzar els nostres Serveis o la majoria d&#8217;edat que es requereixi al vostre pa\u00eds per registrar-vos o utilitzar-los.\n\nA m\u00e9s de tenir l&#8217;edat m\u00ednima requerida per utilitzar els nostres Serveis en virtut de la llei aplicable, si no tens prou edat per poder acceptar les nostres Condicions al teu pa\u00eds, el teu pare, mare, o tutor han d&#8217;acceptar les nostres Condicions en nom teu.\n<h2>Mesures de seguretat<\/h2>\nLes dades personals comunicades per l&#8217;Usuari a Pascual Sanjuan Sainz poden ser emmagatzemades en bases de dades automatitzades o no, la titularitat de les quals correspon en exclusiva a Pascual Sanjuan Sainz, assumint aquesta totes les mesures d&#8217;\u00edndole t\u00e8cnica, organitzativa i de seguretat que garanteixen la confidencialitat, integritat i qualitat de la informaci\u00f3 continguda en aquestes dacord amb el que estableix la normativa vigent en protecci\u00f3 de dades.\n\nTot i aix\u00f2, l&#8217;Usuari ha de ser conscient que les mesures de seguretat dels sistemes inform\u00e0tics a Internet no s\u00f3n enterament fiables i que, per tant Pascual Sanjuan Sainz no pot garantir la inexist\u00e8ncia de virus o altres elements que puguin produir alteracions en els sistemes inform\u00e0tics (programari i maquinari) de l&#8217;Usuari o als seus documents electr\u00f2nics i fitxers continguts en aquests encara que es posen tots els mitjans necessaris i les mesures de seguretat oportunes per evitar la pres\u00e8ncia d&#8217;aquests elements nocius.\n<h2>Dades personals que recollim i com ho fem<\/h2>\nPots consultar tota la informaci\u00f3 relativa a les dades personals que recollim a la p\u00e0gina de <a href=\"https:\/\/webrapida.net\/ca\/politica-de-privadesa\/\" rel=\"nofollow\">Pol\u00edtica de Privadesa<\/a> .\n<h2>Continguts<\/h2>\nPascual Sanjuan Sainz ha obtingut la informaci\u00f3 i els materials inclosos a internet de fonts que considera fiables, per\u00f2, si b\u00e9 s&#8217;han pres mesures raonables per assegurar-se que la informaci\u00f3 continguda \u00e9s correcta, Pascual Sanjuan Sainz no garanteix que sigui exacta, completa o actualitzada. Pascual Sanjuan Sainz declina expressament qualsevol responsabilitat per error o omissi\u00f3 a la informaci\u00f3 continguda a les p\u00e0gines de https:\/\/webrapida.net.\n\nQueda prohibit transmetre o enviar a trav\u00e9s de la Web qualsevol contingut il\u00b7legal o il\u00b7l\u00edcit, virus inform\u00e0tics, o missatges que, en general, afectin o violin drets de Pascual Sanjuan Sainz o de tercers.\n\nEls continguts de https:\/\/webrapida.net tenen \u00fanicament finalitat informativa i sota cap circumst\u00e0ncia s&#8217;han d&#8217;usar ni considerar com a oferta de venda, sol\u00b7licitud d&#8217;una oferta de compra ni recomanaci\u00f3 per fer qualsevol altra operaci\u00f3, llevat que aix\u00ed s&#8217;indiqui expressament.\n\nPascual Sanjuan Sainz es reserva el dret a modificar, suspendre, cancel\u00b7lar o restringir el contingut de https:\/\/webrapida.net, els vincles o la informaci\u00f3 obtinguda a trav\u00e9s d&#8217;aquesta, sense necessitat de previ av\u00eds.\n\nPascual Sanjuan Sainz no \u00e9s responsable de les dades i els perjudicis que poguessin derivar-se de la utilitzaci\u00f3 dels documents per l&#8217;Usuari.\n<h2>Pol\u00edtica de cookies<\/h2>\nPodeu consultar aqu\u00ed <a href=\"https:\/\/webrapida.net\/ca\/politica-de-cookies-2\/\" rel=\"nofollow\">la pol\u00edtica de cookies<\/a> .\n<h2>Enlla\u00e7os d&#8217;acc\u00e9s a altres llocs web<\/h2>\nPascual Sanjuan Sainz proporciona a l&#8217;Usuari l&#8217;acc\u00e9s a altres llocs web de tercers mitjan\u00e7ant enlla\u00e7os amb la finalitat exclusiva d&#8217;informar-vos sobre l&#8217;exist\u00e8ncia d&#8217;altres fonts d&#8217;informaci\u00f3 a Internet amb les quals podreu ampliar les dades que se us ofereixen a https:\/\/webrapida. net.\n\nAquests enlla\u00e7os a altres llocs web no suposen en cap cas un suggeriment o recomanaci\u00f3 de visitar les p\u00e0gines web de destinaci\u00f3, que estan fora del control de Pascual Sanjuan Sainz, per la qual cosa Pascual Sanjuan Sainz no \u00e9s responsable del contingut dels llocs web vinculats ni del resultat obtingut per l&#8217;usuari en seguir els enlla\u00e7os.\n\nAix\u00ed mateix, Pascual Sanjuan Sainz no respon dels links o enlla\u00e7os ubicats als llocs vinculats als quals proporciona acc\u00e9s.\n\nL&#8217;establiment de l&#8217;enlla\u00e7 no implica en cap cas l&#8217;exist\u00e8ncia de relacions entre Pascual Sanjuan Sainz i el propietari del lloc on s&#8217;estableixi l&#8217;enlla\u00e7, ni l&#8217;acceptaci\u00f3 o l&#8217;aprovaci\u00f3 de Pascual Sanjuan Sainz dels seus continguts o serveis.\n\nSi accediu a un lloc extern des d&#8217;un enlla\u00e7 que trobeu a https:\/\/webrapida.net haureu de llegir la pr\u00f2pia pol\u00edtica de privadesa de l&#8217;altre lloc, que podeu canviar de la de https:\/\/webrapida.net.\n<h2>Propietat intel\u00b7lectual i industrial<\/h2>\nTots els drets estan reservats. Tot acc\u00e9s a https:\/\/webrapida.net est\u00e0 subjecte a les condicions seg\u00fcents: la reproducci\u00f3, emmagatzematge permanent i la difusi\u00f3 dels continguts o qualsevol altre \u00fas que tingui finalitat p\u00fablica o comercial queda expressament prohibida sense el consentiment previ expr\u00e9s i per escrit de Pascual Sanjuan Sainz.\n<h2>Limitaci\u00f3 de responsabilitat<\/h2>\nLa informaci\u00f3 i els serveis inclosos o disponibles a trav\u00e9s del lloc https:\/\/webrapida.net poden incloure incorreccions o errors tipogr\u00e0fics. Peri\u00f2dicament s&#8217;incorporen canvis a la informaci\u00f3 continguda. Pascual Sanjuan Sainz pot introduir en qualsevol moment millores i\/o canvis als serveis o continguts.\n\nPascual Sanjuan Sainz declina qualsevol responsabilitat en cas que hi hagi interrupcions o un mal funcionament dels serveis o continguts oferts a Internet, sigui quina sigui la seva causa. Aix\u00ed mateix, Pascual Sanjuan Sainz no es fa responsable per caigudes de la xarxa, p\u00e8rdues de negoci a conseq\u00fc\u00e8ncia de les caigudes esmentades, suspensions temporals de fluid el\u00e8ctric o qualsevol altre tipus de dany indirecte que li pugui ser causat a l&#8217;Usuari per causes alienes a Pascual Sanjuan Sainz .\n\nPascual Sanjuan Sainz no declara ni garanteix que els serveis o continguts siguin interromputs o que estiguin lliures d&#8217;errors, que els defectes siguin corregits, o que el servei o el servidor que el posa a disposici\u00f3 estiguin lliures de virus o altres components nocius sense perjudici de que Pascual Sanjuan Sainz fa els seus millors esfor\u00e7os per evitar aquest tipus d&#8217;incidents. En cas que l&#8217;Usuari prengu\u00e9s determinades decisions o realitz\u00e9s accions sobre la base de la informaci\u00f3 inclosa en qualsevol dels llocs web, es recomana la comprovaci\u00f3 de la informaci\u00f3 rebuda amb altres fonts.\n<h2>Dret d&#8217;exclusi\u00f3<\/h2>\nPascual Sanjuan Sainz es reserva el dret a denegar o retirar l&#8217;acc\u00e9s al lloc web i als serveis oferts sense necessitat de preav\u00eds, a inst\u00e0ncia pr\u00f2pia o d&#8217;un tercer, a aquells usuaris que incompleixin qualsevol de les condicions d&#8217;aquest Av\u00eds Legal.\n<h2>Juridiscci\u00f3<\/h2>\nAquest Av\u00eds Legal es regeix \u00edntegrament per la legislaci\u00f3 espanyola.\n\nSempre que no hi hagi una norma que obligui a una altra cosa, per a totes les q\u00fcestions que se suscitin sobre la interpretaci\u00f3, l&#8217;aplicaci\u00f3 i el compliment d&#8217;aquest Av\u00eds Legal, aix\u00ed com de les reclamacions que puguin derivar-se del seu \u00fas, les parts acorden sotmetre&#8217;s als Jutges i Tribunals de la prov\u00edncia de Val\u00e8ncia, amb ren\u00fancia expressa de qualsevol altra jurisdicci\u00f3 que els pogu\u00e9s correspondre.\n<h2>Contacte<\/h2>\nEn cas que qualsevol Usuari tingu\u00e9s algun dubte sobre aquestes Condicions legals o qualsevol comentari sobre https:\/\/webrapida.net, pot enviar un correu a info@webrapida.net.\n\n<\/div>[\/et_pb_text][\/et_pb_column][\/et_pb_row][\/et_pb_section]\n","protected":false},"excerpt":{"rendered":"<p>Identificaci\u00f3 i Titularitat En compliment de larticle 10 de la Llei 34\/2002, de 11 de juliol, de Serveis de la Societat de la Informaci\u00f3 i Comer\u00e7 Electr\u00f2nic, a continuaci\u00f3 sexposen les dades identificatives del titular. Titular: Pascual Sanjuan Sainz NIF\/CIF: 48289947K Domicili: C\/ Colon, 24, Castell\u00f3 de Rugat, Val\u00e8ncia &#8211; Espanya. Correu electr\u00f2nic: info@webrapida.net Finalitat [&hellip;]<\/p>\n","protected":false},"author":1,"featured_media":0,"parent":0,"menu_order":0,"comment_status":"closed","ping_status":"closed","template":"","meta":{"_et_pb_use_builder":"on","_et_pb_old_content":"","_et_gb_content_width":"","iawp_total_views":2,"footnotes":""},"class_list":["post-24717","page","type-page","status-publish","hentry"],"_links":{"self":[{"href":"https:\/\/webrapida.net\/ca\/wp-json\/wp\/v2\/pages\/24717","targetHints":{"allow":["GET"]}}],"collection":[{"href":"https:\/\/webrapida.net\/ca\/wp-json\/wp\/v2\/pages"}],"about":[{"href":"https:\/\/webrapida.net\/ca\/wp-json\/wp\/v2\/types\/page"}],"author":[{"embeddable":true,"href":"https:\/\/webrapida.net\/ca\/wp-json\/wp\/v2\/users\/1"}],"replies":[{"embeddable":true,"href":"https:\/\/webrapida.net\/ca\/wp-json\/wp\/v2\/comments?post=24717"}],"version-history":[{"count":0,"href":"https:\/\/webrapida.net\/ca\/wp-json\/wp\/v2\/pages\/24717\/revisions"}],"wp:attachment":[{"href":"https:\/\/webrapida.net\/ca\/wp-json\/wp\/v2\/media?parent=24717"}],"curies":[{"name":"wp","href":"https:\/\/api.w.org\/{rel}","templated":true}]}}