{"id":24724,"date":"2018-12-05T15:19:28","date_gmt":"2018-12-05T14:19:28","guid":{"rendered":"https:\/\/webrapida.net\/butlleti\/"},"modified":"2023-03-19T22:02:13","modified_gmt":"2023-03-19T21:02:13","slug":"butlleti","status":"publish","type":"page","link":"https:\/\/webrapida.net\/ca\/butlleti\/","title":{"rendered":"Butllet\u00ed"},"content":{"rendered":"<p>[et_pb_section fb_built=&#8221;1&#8243; module_id=&#8221;contacte&#8221; _builder_version=&#8221;4.16&#8243; background_color=&#8221;#fcc41e&#8221; background_enable_image=&#8221;off&#8221; background_blend=&#8221;multiply&#8221; custom_padding=&#8221;30px|0px|30px|0px|false|false&#8221; da_disable_devices=&#8221;off|off|off&#8221; locked=&#8221;off&#8221; global_colors_info=&#8221;{}&#8221; da_is_popup=&#8221;off&#8221; da_exit_intent=&#8221;off&#8221; da_has_close=&#8221;on&#8221; da_alt_close=&#8221;off&#8221; da_dark_close=&#8221;off&#8221; da_not_modal=&#8221;on&#8221; da_is_singular=&#8221;off&#8221; da_with_loader=&#8221;off&#8221; da_has_shadow=&#8221;on&#8221;][et_pb_row _builder_version=&#8221;4.16&#8243; background_size=&#8221;initial&#8221; background_position=&#8221;top_left&#8221; background_repeat=&#8221;repeat&#8221; background_blend=&#8221;multiply&#8221; width=&#8221;90%&#8221; max_width=&#8221;1400px&#8221; custom_padding=&#8221;50px||||false|false&#8221; animation_direction=&#8221;top&#8221; locked=&#8221;off&#8221; global_colors_info=&#8221;{}&#8221;][et_pb_column type=&#8221;4_4&#8243; _builder_version=&#8221;4.16&#8243; custom_padding=&#8221;|||&#8221; global_colors_info=&#8221;{}&#8221; custom_padding__hover=&#8221;|||&#8221;][et_pb_text _builder_version=&#8221;4.16&#8243; text_font=&#8221;||||||||&#8221; header_font=&#8221;Montserrat|700||on|||||dotted&#8221; header_text_color=&#8221;#353740&#8243; header_font_size=&#8221;60px&#8221; header_line_height=&#8221;1.3em&#8221; background_size=&#8221;initial&#8221; background_position=&#8221;top_left&#8221; background_repeat=&#8221;repeat&#8221; custom_margin=&#8221;|||&#8221; animation_style=&#8221;fade&#8221; header_font_size_last_edited=&#8221;off|desktop&#8221; locked=&#8221;off&#8221; global_colors_info=&#8221;{}&#8221;]<\/p>\n<h1>Butllet\u00ed<\/h1>\n<p>[\/et_pb_text][et_pb_divider color=&#8221;#353740&#8243; divider_weight=&#8221;6px&#8221; disabled_on=&#8221;on|on|off&#8221; _builder_version=&#8221;4.16&#8243; max_width=&#8221;120px&#8221; animation_style=&#8221;slide&#8221; animation_direction=&#8221;top&#8221; animation_intensity_slide=&#8221;30%&#8221; global_colors_info=&#8221;{}&#8221;][\/et_pb_divider][\/et_pb_column][\/et_pb_row][\/et_pb_section][et_pb_section fb_built=&#8221;1&#8243; custom_padding_last_edited=&#8221;on|tablet&#8221; admin_label=&#8221;Subscription Section&#8221; _builder_version=&#8221;4.16&#8243; background_color=&#8221;#f7f7f7&#8243; custom_padding=&#8221;80px||110px||false|false&#8221; custom_padding_tablet=&#8221;45px||110px||false|false&#8221; custom_padding_phone=&#8221;30px||||false|false&#8221; da_disable_devices=&#8221;off|off|off&#8221; global_colors_info=&#8221;{}&#8221; da_is_popup=&#8221;off&#8221; da_exit_intent=&#8221;off&#8221; da_has_close=&#8221;on&#8221; da_alt_close=&#8221;off&#8221; da_dark_close=&#8221;off&#8221; da_not_modal=&#8221;on&#8221; da_is_singular=&#8221;off&#8221; da_with_loader=&#8221;off&#8221; da_has_shadow=&#8221;on&#8221;][et_pb_row admin_label=&#8221;Subscription Area&#8221; _builder_version=&#8221;4.16&#8243; width=&#8221;90%&#8221; max_width=&#8221;1400px&#8221; min_height=&#8221;392px&#8221; global_colors_info=&#8221;{}&#8221;][et_pb_column type=&#8221;4_4&#8243; _builder_version=&#8221;4.16&#8243; custom_padding=&#8221;|||&#8221; global_colors_info=&#8221;{}&#8221; custom_padding__hover=&#8221;|||&#8221;][et_pb_signup provider=&#8221;mailpoet&#8221; mailpoet_list=&#8221;undefined|3&#8243; name_field=&#8221;on&#8221; use_custom_fields=&#8221;on&#8221; success_message=&#8221;Revisa el teu correu per confirmar la subscripci\u00f3&#8221; title=&#8221;Uneix-te al nostre Butllet\u00ed&#8221; button_text=&#8221;Subscriu-te&#8221; description=&#8221;<\/p>\n<p>T&#8217;enviarem informaci\u00f3 important i actualitzada sobre disseny web i m\u00e0rqueting en l\u00ednia perqu\u00e8 mantinguis la compet\u00e8ncia a ratlla.<\/p>\n<p><span>.<br \/> <\/span><\/p>\n<p>&#8221; _builder_version=&#8221;4.16&#8243; form_field_text_color=&#8221;#747d88&#8243; header_font=&#8221;|700|||||||&#8221; header_text_color=&#8221;#353740&#8243; header_font_size=&#8221;45px&#8221; header_line_height=&#8221;1.4em&#8221; body_font=&#8221;Montserrat||||||||&#8221; body_text_color=&#8221;#826969&#8243; body_font_size=&#8221;18px&#8221; body_line_height=&#8221;1.8em&#8221; result_message_font=&#8221;||||||||&#8221; form_field_font=&#8221;||||||||&#8221; use_background_color=&#8221;off&#8221; custom_button=&#8221;on&#8221; button_text_color=&#8221;#747d88&#8243; button_border_width=&#8221;4px&#8221; button_border_color=&#8221;#747d88&#8243; button_border_radius=&#8221;100px&#8221; button_letter_spacing=&#8221;2px&#8221; button_font=&#8221;|700||on|||||&#8221; button_icon=&#8221;&#x45;||divi||400&#8243; background_layout=&#8221;light&#8221; animation_style=&#8221;fade&#8221; header_font_size_tablet=&#8221;&#8221; header_font_size_phone=&#8221;&#8221; header_font_size_last_edited=&#8221;on|desktop&#8221; header_line_height_tablet=&#8221;&#8221; header_line_height_phone=&#8221;&#8221; header_line_height_last_edited=&#8221;on|phone&#8221; body_font_size_tablet=&#8221;16px&#8221; body_font_size_phone=&#8221;&#8221; body_font_size_last_edited=&#8221;on|tablet&#8221; border_width_all_fields=&#8221;1px&#8221; border_color_all_fields=&#8221;#bcbcbc&#8221; button_text_color_hover=&#8221;#747d88&#8243; button_letter_spacing_hover=&#8221;2px&#8221; button_bg_color_hover=&#8221;rgba(0,0,0,0)&#8221; global_colors_info=&#8221;{}&#8221; button_text_size__hover_enabled=&#8221;off&#8221; button_one_text_size__hover_enabled=&#8221;off&#8221; button_two_text_size__hover_enabled=&#8221;off&#8221; button_text_color__hover_enabled=&#8221;on&#8221; button_text_color__hover=&#8221;#747d88&#8243; button_one_text_color__hover_enabled=&#8221;off&#8221; button_two_text_color__hover_enabled=&#8221;off&#8221; button_border_width__hover_enabled=&#8221;off&#8221; button_one_border_width__hover_enabled=&#8221;off&#8221; button_two_border_width__hover_enabled=&#8221;off&#8221; button_border_color__hover_enabled=&#8221;off&#8221; button_one_border_color__hover_enabled=&#8221;off&#8221; button_two_border_color__hover_enabled=&#8221;off&#8221; button_border_radius__hover_enabled=&#8221;off&#8221; button_one_border_radius__hover_enabled=&#8221;off&#8221; button_two_border_radius__hover_enabled=&#8221;off&#8221; button_letter_spacing__hover_enabled=&#8221;on&#8221; button_letter_spacing__hover=&#8221;2px&#8221; button_one_letter_spacing__hover_enabled=&#8221;off&#8221; button_two_letter_spacing__hover_enabled=&#8221;off&#8221; button_bg_color__hover_enabled=&#8221;on&#8221; button_bg_color__hover=&#8221;rgba(0,0,0,0)&#8221; button_one_bg_color__hover_enabled=&#8221;off&#8221; button_two_bg_color__hover_enabled=&#8221;off&#8221;][et_pb_signup_custom_field field_id=&#8221;cf_1&#8243; field_title=&#8221;Pol\u00edtica de privacitat&#8221; field_type=&#8221;checkbox&#8221; checkbox_options=&#8221;%91{%22value%22:%22Acepto la%22,%22checked%22:0,%22dragID%22:-1,%22link_url%22:%22https:\/\/webrapida.net\/ca\/avis-legal\/%22,%22link_text%22:%22 pol\u00edtica de privacidad%22}%93&#8243; _builder_version=&#8221;4.16&#8243; global_colors_info=&#8221;{}&#8221; predefined_field=&#8221;cf_1&#8243;][\/et_pb_signup_custom_field][\/et_pb_signup][\/et_pb_column][\/et_pb_row][\/et_pb_section][et_pb_section fb_built=&#8221;1&#8243; prev_background_color=&#8221;#f7f7f7&#8243; admin_label=&#8221;Subscription Section&#8221; _builder_version=&#8221;4.16&#8243; background_color=&#8221;#fbc31f&#8221; background_color_gradient_direction=&#8221;172deg&#8221; custom_margin=&#8221;-140px||||false|false&#8221; custom_padding=&#8221;120px||133px||false|false&#8221; top_divider_style=&#8221;ramp2&#8243; top_divider_height=&#8221;291px&#8221; top_divider_repeat=&#8221;1x&#8221; da_disable_devices=&#8221;off|off|off&#8221; locked=&#8221;off&#8221; global_colors_info=&#8221;{}&#8221; da_is_popup=&#8221;off&#8221; da_exit_intent=&#8221;off&#8221; da_has_close=&#8221;on&#8221; da_alt_close=&#8221;off&#8221; da_dark_close=&#8221;off&#8221; da_not_modal=&#8221;on&#8221; da_is_singular=&#8221;off&#8221; da_with_loader=&#8221;off&#8221; da_has_shadow=&#8221;on&#8221;][et_pb_row admin_label=&#8221;Subscription Area&#8221; _builder_version=&#8221;4.19.5&#8243; background_color=&#8221;rgba(255,255,255,0.95)&#8221; width=&#8221;95%&#8221; max_width=&#8221;1200px&#8221; min_height=&#8221;392px&#8221; custom_margin=&#8221;45px||||false|false&#8221; custom_padding=&#8221;25px|15px|25px|15px|true|true&#8221; border_radii=&#8221;on|6px|6px|6px|6px&#8221; locked=&#8221;off&#8221; global_colors_info=&#8221;{}&#8221;][et_pb_column type=&#8221;4_4&#8243; _builder_version=&#8221;4.16&#8243; custom_padding=&#8221;|||&#8221; global_colors_info=&#8221;{}&#8221; custom_padding__hover=&#8221;|||&#8221;][et_pb_text _builder_version=&#8221;4.16&#8243; _module_preset=&#8221;default&#8221; header_2_text_color=&#8221;#353740&#8243; custom_margin=&#8221;||51px||false|false&#8221; global_colors_info=&#8221;{}&#8221;]<\/p>\n<h2>Els nostres darrers Tweets<\/h2>\n<p>[\/et_pb_text][et_pb_divider color=&#8221;#dedede&#8221; _builder_version=&#8221;4.16&#8243; _module_preset=&#8221;default&#8221; custom_margin=&#8221;-30px||-13px||false|false&#8221; custom_padding=&#8221;0px||0px||false|false&#8221; global_colors_info=&#8221;{}&#8221;][\/et_pb_divider][et_pb_code _builder_version=&#8221;4.19.5&#8243; _module_preset=&#8221;default&#8221; global_colors_info=&#8221;{}&#8221;]<a class=\"twitter-timeline\" href=\"https:\/\/twitter.com\/Web_Rapida?ref_src=twsrc%5Etfw\" target=\"_blank\" rel=\"noopener\">Tweets by Web_Rapida<\/a> <script async=\"\" src=\"https:\/\/platform.twitter.com\/widgets.js\" charset=\"utf-8\"><\/script>[\/et_pb_code][\/et_pb_column][\/et_pb_row][\/et_pb_section]<\/p>\n","protected":false},"excerpt":{"rendered":"<p>Butllet\u00edEls nostres darrers Tweets<\/p>\n","protected":false},"author":1,"featured_media":0,"parent":0,"menu_order":0,"comment_status":"closed","ping_status":"closed","template":"","meta":{"_et_pb_use_builder":"on","_et_pb_old_content":"","_et_gb_content_width":"","iawp_total_views":1,"footnotes":""},"class_list":["post-24724","page","type-page","status-publish","hentry"],"_links":{"self":[{"href":"https:\/\/webrapida.net\/ca\/wp-json\/wp\/v2\/pages\/24724","targetHints":{"allow":["GET"]}}],"collection":[{"href":"https:\/\/webrapida.net\/ca\/wp-json\/wp\/v2\/pages"}],"about":[{"href":"https:\/\/webrapida.net\/ca\/wp-json\/wp\/v2\/types\/page"}],"author":[{"embeddable":true,"href":"https:\/\/webrapida.net\/ca\/wp-json\/wp\/v2\/users\/1"}],"replies":[{"embeddable":true,"href":"https:\/\/webrapida.net\/ca\/wp-json\/wp\/v2\/comments?post=24724"}],"version-history":[{"count":0,"href":"https:\/\/webrapida.net\/ca\/wp-json\/wp\/v2\/pages\/24724\/revisions"}],"wp:attachment":[{"href":"https:\/\/webrapida.net\/ca\/wp-json\/wp\/v2\/media?parent=24724"}],"curies":[{"name":"wp","href":"https:\/\/api.w.org\/{rel}","templated":true}]}}