{"id":25001,"date":"2021-12-10T19:15:21","date_gmt":"2021-12-10T18:15:21","guid":{"rendered":"https:\/\/webrapida.net\/allotjament-facturascripts-2\/"},"modified":"2023-04-10T11:45:24","modified_gmt":"2023-04-10T09:45:24","slug":"allotjament-facturascripts","status":"publish","type":"page","link":"https:\/\/webrapida.net\/ca\/allotjament-facturascripts\/","title":{"rendered":"Allotjament FacturaScripts"},"content":{"rendered":"<p>[et_pb_section fb_built=&#8221;1&#8243; custom_padding_last_edited=&#8221;on|phone&#8221; admin_label=&#8221;Hero&#8221; _builder_version=&#8221;4.16&#8243; background_color=&#8221;#0C71C3&#8243; use_background_color_gradient=&#8221;on&#8221; background_color_gradient_type=&#8221;circular&#8221; background_color_gradient_direction_radial=&#8221;bottom&#8221; background_color_gradient_stops=&#8221;rgba(0,0,0,0.87) 0%|#002c47 100%&#8221; background_color_gradient_start=&#8221;rgba(0,0,0,0.87)&#8221; background_color_gradient_end=&#8221;#002c47&#8243; custom_padding=&#8221;50px|0px|50px|0px|true|false&#8221; custom_padding_tablet=&#8221;25px||40px||false|false&#8221; custom_padding_phone=&#8221;20px||||false|false&#8221; top_divider_color=&#8221;#ffc500&#8243; top_divider_height=&#8221;50px&#8221; top_divider_flip=&#8221;vertical&#8221; da_disable_devices=&#8221;off|off|off&#8221; border_color_all=&#8221;#FFFFFF&#8221; border_width_top=&#8221;2px&#8221; border_color_top=&#8221;#515151&#8243; global_colors_info=&#8221;{}&#8221; da_is_popup=&#8221;off&#8221; da_exit_intent=&#8221;off&#8221; da_has_close=&#8221;on&#8221; da_alt_close=&#8221;off&#8221; da_dark_close=&#8221;off&#8221; da_not_modal=&#8221;on&#8221; da_is_singular=&#8221;off&#8221; da_with_loader=&#8221;off&#8221; da_has_shadow=&#8221;on&#8221;][et_pb_row use_custom_gutter=&#8221;on&#8221; _builder_version=&#8221;4.16&#8243; width=&#8221;90%&#8221; max_width=&#8221;1300px&#8221; make_fullwidth=&#8221;on&#8221; global_colors_info=&#8221;{}&#8221;][et_pb_column type=&#8221;4_4&#8243; _builder_version=&#8221;4.16&#8243; global_colors_info=&#8221;{}&#8221;][et_pb_text _builder_version=&#8221;4.16&#8243; _module_preset=&#8221;default&#8221; text_text_color=&#8221;#FFFFFF&#8221; text_font_size=&#8221;43px&#8221; header_text_color=&#8221;#FFFFFF&#8221; header_font_size=&#8221;39px&#8221; header_line_height=&#8221;1.2em&#8221; header_3_text_color=&#8221;#FFFFFF&#8221; header_3_font_size=&#8221;39px&#8221; header_3_line_height=&#8221;1.2em&#8221; custom_margin=&#8221;||10px||false|false&#8221; custom_margin_tablet=&#8221;||10px||false|false&#8221; custom_margin_phone=&#8221;||10px||false|false&#8221; custom_margin_last_edited=&#8221;on|desktop&#8221; header_font_size_tablet=&#8221;35px&#8221; header_font_size_phone=&#8221;30px&#8221; header_font_size_last_edited=&#8221;on|desktop&#8221; header_line_height_tablet=&#8221;1.2em&#8221; header_line_height_phone=&#8221;1.2em&#8221; header_line_height_last_edited=&#8221;on|phone&#8221; header_3_font_size_tablet=&#8221;35px&#8221; header_3_font_size_phone=&#8221;30px&#8221; header_3_font_size_last_edited=&#8221;on|desktop&#8221; global_colors_info=&#8221;{}&#8221;]<\/p>\n<h1>Hosting FacturaScripts SSD MVMe<\/h1>\n<p>[\/et_pb_text][et_pb_divider color=&#8221;#f9c321&#8243; divider_weight=&#8221;2px&#8221; _builder_version=&#8221;4.16&#8243; _module_preset=&#8221;default&#8221; locked=&#8221;off&#8221; global_colors_info=&#8221;{}&#8221;][\/et_pb_divider][et_pb_text _builder_version=&#8221;4.20.2&#8243; _module_preset=&#8221;default&#8221; text_text_color=&#8221;#f2f2f2&#8243; text_font_size=&#8221;17px&#8221; text_line_height=&#8221;1.4em&#8221; header_3_text_color=&#8221;#FFFFFF&#8221; header_3_font_size=&#8221;39px&#8221; custom_margin=&#8221;-20px||||false|false&#8221; text_font_size_tablet=&#8221;16px&#8221; text_font_size_phone=&#8221;15px&#8221; text_font_size_last_edited=&#8221;on|tablet&#8221; header_3_font_size_tablet=&#8221;35px&#8221; header_3_font_size_phone=&#8221;30px&#8221; header_3_font_size_last_edited=&#8221;on|desktop&#8221; global_colors_info=&#8221;{}&#8221;]<\/p>\n<p><span style=\"color: #f9c321;\">\u2714<\/span> Sense comprom\u00eds de perman\u00e8ncia.<\/p>\n<p>[\/et_pb_text][\/et_pb_column][\/et_pb_row][et_pb_row column_structure=&#8221;3_5,2_5&#8243; use_custom_gutter=&#8221;on&#8221; module_class=&#8221; et_pb_row_fullwidth&#8221; _builder_version=&#8221;4.20.2&#8243; background_size=&#8221;initial&#8221; background_position=&#8221;top_left&#8221; background_repeat=&#8221;repeat&#8221; background_blend=&#8221;multiply&#8221; width=&#8221;90%&#8221; max_width=&#8221;1300px&#8221; custom_margin=&#8221;||0px&#8221; custom_margin_tablet=&#8221;||-3px|&#8221; custom_margin_phone=&#8221;&#8221; custom_margin_last_edited=&#8221;on|tablet&#8221; custom_padding=&#8221;|||&#8221; animation_direction=&#8221;top&#8221; make_fullwidth=&#8221;on&#8221; global_colors_info=&#8221;{}&#8221;][et_pb_column type=&#8221;3_5&#8243; _builder_version=&#8221;4.16&#8243; background_enable_color=&#8221;off&#8221; custom_padding=&#8221;|||&#8221; global_colors_info=&#8221;{}&#8221; custom_padding__hover=&#8221;|||&#8221;][et_pb_image src=&#8221;https:\/\/webrapida.net\/wp-content\/uploads\/2022\/02\/web-rapida-facturascripts-1.jpg&#8221; title_text=&#8221;web-rapida-facturascripts-1&#8243; align=&#8221;center&#8221; _builder_version=&#8221;4.16&#8243; _module_preset=&#8221;default&#8221; width=&#8221;94%&#8221; width_tablet=&#8221;99%&#8221; width_phone=&#8221;99%&#8221; width_last_edited=&#8221;on|tablet&#8221; custom_margin_tablet=&#8221;||50px||false|false&#8221; custom_margin_phone=&#8221;||40px||false|false&#8221; custom_margin_last_edited=&#8221;on|phone&#8221; border_radii=&#8221;off||170px||170px&#8221; border_radii_tablet=&#8221;off||130px||130px&#8221; border_radii_phone=&#8221;off||80px||80px&#8221; border_radii_last_edited=&#8221;on|phone&#8221; global_colors_info=&#8221;{}&#8221;][\/et_pb_image][\/et_pb_column][et_pb_column type=&#8221;2_5&#8243; _builder_version=&#8221;4.16&#8243; background_color=&#8221;#FFFFFF&#8221; custom_padding=&#8221;|||&#8221; border_radii=&#8221;on|11px|11px|11px|11px&#8221; global_colors_info=&#8221;{}&#8221; custom_padding__hover=&#8221;|||&#8221;][et_pb_text _builder_version=&#8221;4.16&#8243; _module_preset=&#8221;default&#8221; header_5_font=&#8221;|600|||||||&#8221; header_5_text_align=&#8221;center&#8221; header_5_text_color=&#8221;#FFFFFF&#8221; header_5_font_size=&#8221;17px&#8221; header_6_text_align=&#8221;center&#8221; header_6_text_color=&#8221;#FFFFFF&#8221; header_6_font_size=&#8221;23px&#8221; background_color=&#8221;#f9c321&#8243; custom_margin=&#8221;0px||0px||true|false&#8221; custom_padding=&#8221;12px||5px||false|false&#8221; locked=&#8221;off&#8221; global_colors_info=&#8221;{}&#8221;]<\/p>\n<h6>Fast Hosting FacturaScripts SSD<\/h6>\n<p>[\/et_pb_text][et_pb_text _builder_version=&#8221;4.16&#8243; _module_preset=&#8221;default&#8221; header_5_line_height=&#8221;2.2em&#8221; header_6_font_size=&#8221;10px&#8221; header_6_line_height=&#8221;2em&#8221; background_color=&#8221;#fcfcfc&#8221; custom_margin=&#8221;0px||0px||true|false&#8221; custom_padding=&#8221;7px||7px||true|false&#8221; locked=&#8221;off&#8221; global_colors_info=&#8221;{}&#8221;]<\/p>\n<div class=\"style=\" text-align:=\"\" center=\"\" style=\"text-align: center;\"><span class=\"et_pb_et_price\"><span class=\"et_pb_sum\">15<\/span> <span class=\"et_pb_dollar_sign\">\u20ac<\/span> <span class=\"et_pb_frequency\"><span class=\"et_pb_frequency_slash\">\/<\/span> mes<\/span><\/span><span class=\"et_pb_et_price\"><span class=\"et_pb_frequency\"><\/span><\/span><\/div>\n<p>[\/et_pb_text][et_pb_text _builder_version=&#8221;4.16&#8243; _module_preset=&#8221;default&#8221; text_line_height=&#8221;1.6em&#8221; background_color=&#8221;#e5e5e5&#8243; custom_margin=&#8221;0px||0px||true|false&#8221; custom_padding=&#8221;1px||1px||true|false&#8221; locked=&#8221;off&#8221; global_colors_info=&#8221;{}&#8221;]<\/p>\n<p style=\"text-align: center;\">IVA excl.<\/p>\n<p>[\/et_pb_text][et_pb_text _builder_version=&#8221;4.16&#8243; _module_preset=&#8221;default&#8221; header_4_text_color=&#8221;#666666&#8243; header_4_font_size=&#8221;14px&#8221; header_4_line_height=&#8221;1.7em&#8221; background_color=&#8221;#FFFFFF&#8221; custom_margin=&#8221;0px||20px||false|false&#8221; custom_padding=&#8221;20px|30px|0px|30px|false|true&#8221; locked=&#8221;off&#8221; global_colors_info=&#8221;{}&#8221;]<\/p>\n<h4>El teu programari lliure <a href=\"https:\/\/facturascripts.com\/\" target=\"_blank\" rel=\"noopener\">FacturaScripts<\/a> carregant ultrar\u00e0pid gr\u00e0cies a la pot\u00e8ncia i implantaci\u00f3 de les millors t\u00e8cniques de rendiment en servidors d&#8217;allotjament de Web R\u00e0pida.<\/h4>\n<p><span>\u2714<\/span> Instal\u00b7laci\u00f3 sense costos.<br \/><span>\u2714<\/span> C\u00f2pies de seguretat di\u00e0ries.<br \/><span>\u2714<\/span> Suport 24\/7 mitjan\u00e7ant tiquet.<br \/><span>\u2714<\/span> Domini GRATIS amb el pla anual.<\/p>\n<p>[\/et_pb_text][et_pb_button button_url=&#8221;https:\/\/mipanel.webrapida.net\/store\/facturascripts&#8221; button_text=&#8221;CONTRACTEU-LO&#8221; button_alignment=&#8221;center&#8221; _builder_version=&#8221;4.16&#8243; _module_preset=&#8221;default&#8221; custom_button=&#8221;on&#8221; button_text_size=&#8221;15px&#8221; button_text_color=&#8221;#000000&#8243; button_bg_color=&#8221;#f9c321&#8243; button_border_width=&#8221;0px&#8221; button_border_radius=&#8221;12px&#8221; background_layout=&#8221;dark&#8221; custom_margin=&#8221;30px|15px|30px|15px|true|true&#8221; locked=&#8221;off&#8221; global_colors_info=&#8221;{}&#8221;][\/et_pb_button][et_pb_pricing_tables _builder_version=&#8221;4.16&#8243; _module_preset=&#8221;default&#8221; global_colors_info=&#8221;{}&#8221;][\/et_pb_pricing_tables][\/et_pb_column][\/et_pb_row][\/et_pb_section][et_pb_section fb_built=&#8221;1&#8243; _builder_version=&#8221;4.16&#8243; _module_preset=&#8221;default&#8221; background_color=&#8221;#f2f2f2&#8243; custom_padding=&#8221;50px||0px||false|false&#8221; da_disable_devices=&#8221;off|off|off&#8221; global_colors_info=&#8221;{}&#8221; da_is_popup=&#8221;off&#8221; da_exit_intent=&#8221;off&#8221; da_has_close=&#8221;on&#8221; da_alt_close=&#8221;off&#8221; da_dark_close=&#8221;off&#8221; da_not_modal=&#8221;on&#8221; da_is_singular=&#8221;off&#8221; da_with_loader=&#8221;off&#8221; da_has_shadow=&#8221;on&#8221;][et_pb_row admin_label=&#8221;Feature Area&#8221; _builder_version=&#8221;4.16&#8243; width=&#8221;90%&#8221; max_width=&#8221;1300px&#8221; custom_padding=&#8221;27px|0px|0|0px|false|false&#8221; global_colors_info=&#8221;{}&#8221;][et_pb_column type=&#8221;4_4&#8243; _builder_version=&#8221;4.16&#8243; custom_padding=&#8221;|||&#8221; global_colors_info=&#8221;{}&#8221; custom_padding__hover=&#8221;|||&#8221;][et_pb_text _builder_version=&#8221;4.16&#8243; text_font=&#8221;|300|||||||&#8221; text_text_color=&#8221;#514e43&#8243; text_font_size=&#8221;20px&#8221; text_line_height=&#8221;1.8em&#8221; header_font=&#8221;||||||||&#8221; header_2_font_size=&#8221;44px&#8221; header_2_line_height=&#8221;1.4em&#8221; header_4_font=&#8221;|600|||||||&#8221; header_4_font_size=&#8221;44px&#8221; header_4_line_height=&#8221;1.4em&#8221; text_orientation=&#8221;justified&#8221; custom_margin=&#8221;0px||55px||false|false&#8221; custom_margin_tablet=&#8221;-15px||&#8221; custom_margin_phone=&#8221;-15px||&#8221; custom_margin_last_edited=&#8221;on|tablet&#8221; animation_style=&#8221;fade&#8221; header_2_font_size_tablet=&#8221;34px&#8221; header_2_font_size_phone=&#8221;28px&#8221; header_2_font_size_last_edited=&#8221;on|desktop&#8221; header_4_text_align_tablet=&#8221;center&#8221; header_4_text_align_phone=&#8221;center&#8221; header_4_text_align_last_edited=&#8221;on|tablet&#8221; header_4_font_size_tablet=&#8221;34px&#8221; header_4_font_size_phone=&#8221;28px&#8221; header_4_font_size_last_edited=&#8221;on|phone&#8221; header_4_line_height_tablet=&#8221;&#8221; header_4_line_height_phone=&#8221;&#8221; header_4_line_height_last_edited=&#8221;on|phone&#8221; locked=&#8221;off&#8221; global_colors_info=&#8221;{}&#8221;]<\/p>\n<h2 style=\"text-align: center;\">Qu\u00e8 \u00e9s FacturaScripts i com ens pot ajudar en la gesti\u00f3 de la nostra facturaci\u00f3?<\/h2>\n<p>[\/et_pb_text][\/et_pb_column][\/et_pb_row][\/et_pb_section][et_pb_section fb_built=&#8221;1&#8243; _builder_version=&#8221;4.16&#8243; _module_preset=&#8221;default&#8221; background_color=&#8221;#f2f2f2&#8243; custom_padding=&#8221;0px||20px||false|false&#8221; da_disable_devices=&#8221;off|off|off&#8221; global_colors_info=&#8221;{}&#8221; da_is_popup=&#8221;off&#8221; da_exit_intent=&#8221;off&#8221; da_has_close=&#8221;on&#8221; da_alt_close=&#8221;off&#8221; da_dark_close=&#8221;off&#8221; da_not_modal=&#8221;on&#8221; da_is_singular=&#8221;off&#8221; da_with_loader=&#8221;off&#8221; da_has_shadow=&#8221;on&#8221;][et_pb_row admin_label=&#8221;Feature Area&#8221; _builder_version=&#8221;4.16&#8243; width=&#8221;90%&#8221; max_width=&#8221;1300px&#8221; custom_padding=&#8221;27px|0px|0|0px|false|false&#8221; global_colors_info=&#8221;{}&#8221;][et_pb_column type=&#8221;4_4&#8243; _builder_version=&#8221;4.16&#8243; custom_padding=&#8221;|||&#8221; global_colors_info=&#8221;{}&#8221; custom_padding__hover=&#8221;|||&#8221;][et_pb_text _builder_version=&#8221;4.16&#8243; text_font=&#8221;|600|||||||&#8221; text_text_color=&#8221;#000000&#8243; text_font_size=&#8221;20px&#8221; text_line_height=&#8221;1.8em&#8221; header_font=&#8221;||||||||&#8221; header_3_font=&#8221;|600|||||||&#8221; header_3_text_color=&#8221;#000000&#8243; header_3_font_size=&#8221;20px&#8221; header_3_line_height=&#8221;1.8em&#8221; header_4_font=&#8221;|600|||||||&#8221; header_4_font_size=&#8221;45px&#8221; header_4_line_height=&#8221;1.4em&#8221; background_color=&#8221;#cecece&#8221; text_orientation=&#8221;justified&#8221; custom_margin=&#8221;0px||55px||false|false&#8221; custom_margin_tablet=&#8221;-15px||&#8221; custom_margin_phone=&#8221;-15px||&#8221; custom_margin_last_edited=&#8221;on|tablet&#8221; custom_padding=&#8221;11px|20px|11px|20px|true|true&#8221; animation_style=&#8221;fade&#8221; text_font_size_tablet=&#8221;19px&#8221; text_font_size_phone=&#8221;18px&#8221; text_font_size_last_edited=&#8221;on|phone&#8221; header_3_font_size_tablet=&#8221;19px&#8221; header_3_font_size_phone=&#8221;18px&#8221; header_3_font_size_last_edited=&#8221;on|desktop&#8221; header_4_text_align_tablet=&#8221;center&#8221; header_4_text_align_phone=&#8221;center&#8221; header_4_text_align_last_edited=&#8221;on|tablet&#8221; header_4_font_size_tablet=&#8221;35px&#8221; header_4_font_size_phone=&#8221;30px&#8221; header_4_font_size_last_edited=&#8221;on|tablet&#8221; header_4_line_height_tablet=&#8221;&#8221; header_4_line_height_phone=&#8221;&#8221; header_4_line_height_last_edited=&#8221;on|phone&#8221; border_radii=&#8221;on|16px|16px|16px|16px&#8221; border_radii_tablet=&#8221;on|15px|15px|15px|15px&#8221; border_radii_phone=&#8221;on|13px|13px|13px|13px&#8221; border_radii_last_edited=&#8221;on|desktop&#8221; locked=&#8221;off&#8221; global_colors_info=&#8221;{}&#8221;]<\/p>\n<h3>FacturaScripts \u00e9s un Programari de facturaci\u00f3 en l\u00ednia desenvolupat en PHP sota llic\u00e8ncia GNU\/LGPL. Est\u00e0 pensat per funcionar al n\u00favol permetent aix\u00ed l&#8217;acc\u00e9s al mateix des de qualsevol dispositiu amb navegador web i acc\u00e9s a internet com un tel\u00e8fon intel\u00b7ligent, una tauleta o un PC.<\/h3>\n<p>[\/et_pb_text][\/et_pb_column][\/et_pb_row][et_pb_row admin_label=&#8221;Feature Area&#8221; _builder_version=&#8221;4.16&#8243; width=&#8221;90%&#8221; max_width=&#8221;1300px&#8221; custom_padding=&#8221;27px|0px|0|0px|false|false&#8221; global_colors_info=&#8221;{}&#8221;][et_pb_column type=&#8221;4_4&#8243; _builder_version=&#8221;4.16&#8243; custom_padding=&#8221;|||&#8221; global_colors_info=&#8221;{}&#8221; custom_padding__hover=&#8221;|||&#8221;][et_pb_text _builder_version=&#8221;4.16&#8243; text_font=&#8221;|300|||||||&#8221; text_text_color=&#8221;#514e43&#8243; text_font_size=&#8221;19px&#8221; text_line_height=&#8221;1.8em&#8221; header_font=&#8221;||||||||&#8221; header_4_font=&#8221;|600|||||||&#8221; header_4_font_size=&#8221;45px&#8221; header_4_line_height=&#8221;1.4em&#8221; custom_margin=&#8221;0px||55px||false|false&#8221; custom_margin_tablet=&#8221;-15px||&#8221; custom_margin_phone=&#8221;-15px||&#8221; custom_margin_last_edited=&#8221;on|tablet&#8221; animation_style=&#8221;fade&#8221; text_font_size_tablet=&#8221;19px&#8221; text_font_size_phone=&#8221;17px&#8221; text_font_size_last_edited=&#8221;on|phone&#8221; header_4_text_align_tablet=&#8221;center&#8221; header_4_text_align_phone=&#8221;center&#8221; header_4_text_align_last_edited=&#8221;on|tablet&#8221; header_4_font_size_tablet=&#8221;35px&#8221; header_4_font_size_phone=&#8221;30px&#8221; header_4_font_size_last_edited=&#8221;on|tablet&#8221; header_4_line_height_tablet=&#8221;&#8221; header_4_line_height_phone=&#8221;&#8221; header_4_line_height_last_edited=&#8221;on|phone&#8221; locked=&#8221;off&#8221; global_colors_info=&#8221;{}&#8221;]<\/p>\n<p><span style=\"color: #000000;\"><strong>Aquests s\u00f3n alguns dels seus principals avantatges:<\/strong><\/span><\/p>\n<p><span style=\"color: #333333;\">\u2714 El seu senzill per\u00f2 potent sistema de facturaci\u00f3 i comptabilitat web, accessible des de qualsevol dispositiu i des de qualsevol lloc.<\/span><\/p>\n<p><span style=\"color: #333333;\">\u2714 Un ampli cat\u00e0leg de complements.<\/span><\/p>\n<p><span style=\"color: #333333;\">\u2714 Una comunitat creixent i molt activa.<\/span><\/p>\n<p><span style=\"color: #333333;\">\u2714 L&#8217;estalvi de temps que suposa poder enviar factures amb un sol clic.<\/span><\/p>\n<p><span style=\"color: #333333;\">\u2714 FacturaScripts inclou les funcionalitats m\u00e9s importants d&#8217;un PGI\/GRC (En angl\u00e8s ERP\/CRM) i inclou la gesti\u00f3 comptable.<\/span><\/p>\n<p><span style=\"color: #333333;\">\u2714 El sistema est\u00e0 basat en diferents m\u00f2duls i es caracteritza principalment per la facilitat d&#8217;instal\u00b7laci\u00f3 i la simplicitat d&#8217;\u00fas.<\/span><\/p>\n<p><span style=\"color: #333333;\">\u2714 \u00c9s Multi-usuari, i permet assignar permisos per funcionalitats. Per exemple, podr\u00edem donar acc\u00e9s controlat a diversos usuaris o grups, crear un usuari espec\u00edfic de nom\u00e9s lectura perqu\u00e8 el nostre gestor pugui fer consultes o descarregar-se les factures del trimestre, etc&#8230;<\/span><\/p>\n<p><span style=\"color: #333333;\">\u2714 Inclou un m\u00f2dul de c\u00f2pia de seguretat que ens permet guardar una c\u00f2pia completa de totes les dades de forma local per a m\u00e9s seguretat.<\/span><\/p>\n<p><span style=\"color: #000000;\"><strong>Qu\u00e8 necessito per poder fer servir FacturaScripts?<\/strong><\/span><\/p>\n<p><span style=\"color: #333333;\">Necessites un allotjament ben optimitzat com el que t&#8217;oferim a Web R\u00e0pida perqu\u00e8 el programari corri de forma r\u00e0pida i fluida.<\/span><\/p>\n<p>[\/et_pb_text][\/et_pb_column][\/et_pb_row][\/et_pb_section][et_pb_section fb_built=&#8221;1&#8243; custom_padding_last_edited=&#8221;on|phone&#8221; admin_label=&#8221;Feature Section 02&#8243; _builder_version=&#8221;4.16&#8243; background_color=&#8221;#f9c321&#8243; custom_margin=&#8221;||||false|false&#8221; custom_margin_tablet=&#8221;||||false|false&#8221; custom_margin_phone=&#8221;||||false|false&#8221; custom_margin_last_edited=&#8221;on|phone&#8221; custom_padding=&#8221;65px|0px|65px|0px|false|false&#8221; custom_padding_tablet=&#8221;50px|0px|50px|0px|true|false&#8221; custom_padding_phone=&#8221;40px||40px||true|false&#8221; top_divider_color=&#8221;#FFFFFF&#8221; top_divider_height=&#8221;35px&#8221; top_divider_flip=&#8221;vertical&#8221; bottom_divider_height=&#8221;62px&#8221; da_disable_devices=&#8221;off|off|off&#8221; locked=&#8221;off&#8221; global_colors_info=&#8221;{}&#8221; da_is_popup=&#8221;off&#8221; da_exit_intent=&#8221;off&#8221; da_has_close=&#8221;on&#8221; da_alt_close=&#8221;off&#8221; da_dark_close=&#8221;off&#8221; da_not_modal=&#8221;on&#8221; da_is_singular=&#8221;off&#8221; da_with_loader=&#8221;off&#8221; da_has_shadow=&#8221;on&#8221;][et_pb_row custom_padding_last_edited=&#8221;on|desktop&#8221; admin_label=&#8221;Feature Area&#8221; _builder_version=&#8221;4.16&#8243; width=&#8221;90%&#8221; max_width=&#8221;1300px&#8221; custom_margin_tablet=&#8221;&#8221; custom_margin_phone=&#8221;&#8221; custom_margin_last_edited=&#8221;on|desktop&#8221; custom_padding=&#8221;0px|0px|0px|0px|true|false&#8221; custom_padding_tablet=&#8221;0px|0px|0px|0px|true|false&#8221; custom_padding_phone=&#8221;0px|0px|0px|0px|true|false&#8221; global_colors_info=&#8221;{}&#8221;][et_pb_column type=&#8221;4_4&#8243; _builder_version=&#8221;4.16&#8243; custom_padding=&#8221;|||&#8221; global_colors_info=&#8221;{}&#8221; custom_padding__hover=&#8221;|||&#8221;][et_pb_button button_url=&#8221;https:\/\/mipanel.webrapida.net\/store\/facturascripts&#8221; button_text=&#8221;HO VULL&#8221; button_alignment=&#8221;center&#8221; _builder_version=&#8221;4.16&#8243; _module_preset=&#8221;default&#8221; custom_button=&#8221;on&#8221; button_text_size=&#8221;30px&#8221; button_text_color=&#8221;#000000&#8243; button_bg_color=&#8221;#FFFFFF&#8221; button_border_width=&#8221;0px&#8221; button_border_radius=&#8221;12px&#8221; background_layout=&#8221;dark&#8221; custom_margin=&#8221;30px|15px|30px|15px|true|true&#8221; custom_margin_tablet=&#8221;40px||40px||true|true&#8221; custom_margin_phone=&#8221;30px||30px||true|true&#8221; custom_margin_last_edited=&#8221;on|phone&#8221; custom_padding=&#8221;15px|80px|15px|80px|true|true&#8221; custom_padding_tablet=&#8221;13px|70px|13px|70px|true|true&#8221; custom_padding_phone=&#8221;10px|55px|10px|55px|true|true&#8221; custom_padding_last_edited=&#8221;on|desktop&#8221; button_text_size_tablet=&#8221;20px&#8221; button_text_size_phone=&#8221;18px&#8221; button_text_size_last_edited=&#8221;on|phone&#8221; locked=&#8221;off&#8221; global_colors_info=&#8221;{}&#8221;][\/et_pb_button][\/et_pb_column][\/et_pb_row][\/et_pb_section]<\/p>\n","protected":false},"excerpt":{"rendered":"<p>Hosting FacturaScripts SSD MVMe\u2714 Sense comprom\u00eds de perman\u00e8ncia.Fast Hosting FacturaScripts SSD15 \u20ac \/ mesIVA excl.El teu programari lliure FacturaScripts carregant ultrar\u00e0pid gr\u00e0cies a la pot\u00e8ncia i implantaci\u00f3 de les millors t\u00e8cniques de rendiment en servidors d&#8217;allotjament de Web R\u00e0pida. \u2714 Instal\u00b7laci\u00f3 sense costos.\u2714 C\u00f2pies de seguretat di\u00e0ries.\u2714 Suport 24\/7 mitjan\u00e7ant tiquet.\u2714 Domini GRATIS amb el [&hellip;]<\/p>\n","protected":false},"author":1,"featured_media":0,"parent":0,"menu_order":0,"comment_status":"closed","ping_status":"closed","template":"","meta":{"_et_pb_use_builder":"on","_et_pb_old_content":"","_et_gb_content_width":"","iawp_total_views":5,"footnotes":""},"class_list":["post-25001","page","type-page","status-publish","hentry"],"_links":{"self":[{"href":"https:\/\/webrapida.net\/ca\/wp-json\/wp\/v2\/pages\/25001","targetHints":{"allow":["GET"]}}],"collection":[{"href":"https:\/\/webrapida.net\/ca\/wp-json\/wp\/v2\/pages"}],"about":[{"href":"https:\/\/webrapida.net\/ca\/wp-json\/wp\/v2\/types\/page"}],"author":[{"embeddable":true,"href":"https:\/\/webrapida.net\/ca\/wp-json\/wp\/v2\/users\/1"}],"replies":[{"embeddable":true,"href":"https:\/\/webrapida.net\/ca\/wp-json\/wp\/v2\/comments?post=25001"}],"version-history":[{"count":4,"href":"https:\/\/webrapida.net\/ca\/wp-json\/wp\/v2\/pages\/25001\/revisions"}],"predecessor-version":[{"id":28105,"href":"https:\/\/webrapida.net\/ca\/wp-json\/wp\/v2\/pages\/25001\/revisions\/28105"}],"wp:attachment":[{"href":"https:\/\/webrapida.net\/ca\/wp-json\/wp\/v2\/media?parent=25001"}],"curies":[{"name":"wp","href":"https:\/\/api.w.org\/{rel}","templated":true}]}}